{"id":1757,"date":"2023-11-19T18:55:23","date_gmt":"2023-11-19T17:55:23","guid":{"rendered":"https:\/\/www.packsys-industries.com\/?page_id=1757"},"modified":"2023-11-21T17:52:36","modified_gmt":"2023-11-21T16:52:36","slug":"mention-legales","status":"publish","type":"page","link":"https:\/\/www.packsys-industries.com\/index.php\/mention-legales\/","title":{"rendered":"MENTION LEGALES"},"content":{"rendered":"\t\t<div data-elementor-type=\"wp-page\" data-elementor-id=\"1757\" class=\"elementor elementor-1757\">\n\t\t\t\t\t\t<section class=\"elementor-section elementor-top-section elementor-element elementor-element-22ccfe9 elementor-section-boxed elementor-section-height-default elementor-section-height-default\" data-id=\"22ccfe9\" data-element_type=\"section\" data-e-type=\"section\">\n\t\t\t\t\t\t<div class=\"elementor-container elementor-column-gap-default\">\n\t\t\t\t\t<div class=\"elementor-column elementor-col-100 elementor-top-column elementor-element elementor-element-2981afc\" data-id=\"2981afc\" data-element_type=\"column\" data-e-type=\"column\">\n\t\t\t<div class=\"elementor-widget-wrap elementor-element-populated\">\n\t\t\t\t\t\t<div class=\"elementor-element elementor-element-1278a9a elementor-widget elementor-widget-heading\" data-id=\"1278a9a\" data-element_type=\"widget\" data-e-type=\"widget\" data-widget_type=\"heading.default\">\n\t\t\t\t<div class=\"elementor-widget-container\">\n\t\t\t\t\t<h2 class=\"elementor-heading-title elementor-size-default\">Mentions l\u00e9gales<\/h2>\t\t\t\t<\/div>\n\t\t\t\t<\/div>\n\t\t\t\t<div class=\"elementor-element elementor-element-ae76d86 elementor-widget elementor-widget-text-editor\" data-id=\"ae76d86\" data-element_type=\"widget\" data-e-type=\"widget\" data-widget_type=\"text-editor.default\">\n\t\t\t\t<div class=\"elementor-widget-container\">\n\t\t\t\t\t\t\t\t\t<p>DT Syst\u00e8mes 12 Rue Louis Lumi\u00e8re 44980 Sainte-Luce\/Loire<\/p>\n<p>T\u00e9l\u00e9phone: 02.28.23.23.24<\/p>\n<p>&nbsp;Email:&nbsp;contact@dtsystemes.fr<\/p>\n<p>Registre du Commerce et des Soci\u00e9t\u00e9s (RCS): 80523847400029<\/p>\n<p>Num\u00e9ro TVA intracommunautaire:&nbsp;FR80 805 238 474<\/p>\n<p>Directeur de la publication: Ettamiri Nabil&nbsp;<\/p>\n<p>H\u00e9bergement: OVH 2 Rue Kellermann 59100 Roubaix France<\/p>\n<p>Propri\u00e9t\u00e9 Intellectuelle: Tous les \u00e9l\u00e9ments (textes, images, illustrations, vid\u00e9os, etc.) pr\u00e9sents sur le site [votre-site-web.com] sont la propri\u00e9t\u00e9 exclusive de DT Syst\u00e8mes. Toute reproduction, repr\u00e9sentation, modification, publication, transmission ou d\u00e9naturation, totale ou partielle, du site ou de son contenu, par quelque proc\u00e9d\u00e9 que ce soit, et sur quelque support que ce soit, est interdite.<\/p>\n<p>Donn\u00e9es Personnelles: Conform\u00e9ment \u00e0 la loi Informatique et Libert\u00e9s du 6 janvier 1978 modifi\u00e9e et au R\u00e8glement G\u00e9n\u00e9ral sur la Protection des Donn\u00e9es (RGPD), vous disposez d&rsquo;un droit d&rsquo;acc\u00e8s, de rectification, de suppression et d&rsquo;opposition aux donn\u00e9es personnelles vous concernant. Pour exercer ces droits, veuillez nous contacter \u00e0 l&rsquo;adresse contact@dtsystemes.fr.<\/p>\n<p>Responsabilit\u00e9: DT Syst\u00e8mes ne peut \u00eatre tenu responsable des erreurs, omissions ou r\u00e9sultats qui pourraient r\u00e9sulter de l&rsquo;utilisation des informations fournies sur ce site. Les informations sont fournies \u00e0 titre informatif et ne constituent pas un conseil professionnel.<\/p>\n<p>Liens Hypertextes: Les liens hypertextes pr\u00e9sents sur ce site peuvent rediriger l&rsquo;utilisateur vers des sites tiers. DT Syst\u00e8mes d\u00e9cline toute responsabilit\u00e9 quant au contenu de ces sites.<\/p>\t\t\t\t\t\t\t\t<\/div>\n\t\t\t\t<\/div>\n\t\t\t\t\t<\/div>\n\t\t<\/div>\n\t\t\t\t\t<\/div>\n\t\t<\/section>\n\t\t\t\t<\/div>\n\t\t","protected":false},"excerpt":{"rendered":"<p>Mentions l\u00e9gales DT Syst\u00e8mes 12 Rue Louis Lumi\u00e8re 44980 Sainte-Luce\/Loire T\u00e9l\u00e9phone: 02.28.23.23.24 &nbsp;Email:&nbsp;contact@dtsystemes.fr Registre du Commerce et des Soci\u00e9t\u00e9s (RCS): 80523847400029 Num\u00e9ro TVA intracommunautaire:&nbsp;FR80 805 238 474 Directeur de la publication: Ettamiri Nabil&nbsp; H\u00e9bergement: OVH 2 Rue Kellermann 59100 Roubaix France Propri\u00e9t\u00e9 Intellectuelle: Tous les \u00e9l\u00e9ments (textes, images, illustrations, vid\u00e9os, etc.) pr\u00e9sents sur le site [&hellip;]<\/p>\n","protected":false},"author":1,"featured_media":0,"parent":0,"menu_order":0,"comment_status":"closed","ping_status":"closed","template":"","meta":{"site-sidebar-layout":"no-sidebar","site-content-layout":"page-builder","ast-site-content-layout":"full-width-container","site-content-style":"default","site-sidebar-style":"default","ast-global-header-display":"","ast-banner-title-visibility":"","ast-main-header-display":"","ast-hfb-above-header-display":"","ast-hfb-below-header-display":"","ast-hfb-mobile-header-display":"","site-post-title":"disabled","ast-breadcrumbs-content":"","ast-featured-img":"disabled","footer-sml-layout":"","ast-disable-related-posts":"","theme-transparent-header-meta":"","adv-header-id-meta":"","stick-header-meta":"","header-above-stick-meta":"","header-main-stick-meta":"","header-below-stick-meta":"","astra-migrate-meta-layouts":"set","ast-page-background-enabled":"default","ast-page-background-meta":{"desktop":{"background-color":"","background-image":"","background-repeat":"repeat","background-position":"center center","background-size":"auto","background-attachment":"scroll","background-type":"","background-media":"","overlay-type":"","overlay-color":"","overlay-opacity":"","overlay-gradient":""},"tablet":{"background-color":"","background-image":"","background-repeat":"repeat","background-position":"center center","background-size":"auto","background-attachment":"scroll","background-type":"","background-media":"","overlay-type":"","overlay-color":"","overlay-opacity":"","overlay-gradient":""},"mobile":{"background-color":"","background-image":"","background-repeat":"repeat","background-position":"center center","background-size":"auto","background-attachment":"scroll","background-type":"","background-media":"","overlay-type":"","overlay-color":"","overlay-opacity":"","overlay-gradient":""}},"ast-content-background-meta":{"desktop":{"background-color":"var(--ast-global-color-5)","background-image":"","background-repeat":"repeat","background-position":"center center","background-size":"auto","background-attachment":"scroll","background-type":"","background-media":"","overlay-type":"","overlay-color":"","overlay-opacity":"","overlay-gradient":""},"tablet":{"background-color":"var(--ast-global-color-5)","background-image":"","background-repeat":"repeat","background-position":"center center","background-size":"auto","background-attachment":"scroll","background-type":"","background-media":"","overlay-type":"","overlay-color":"","overlay-opacity":"","overlay-gradient":""},"mobile":{"background-color":"var(--ast-global-color-5)","background-image":"","background-repeat":"repeat","background-position":"center center","background-size":"auto","background-attachment":"scroll","background-type":"","background-media":"","overlay-type":"","overlay-color":"","overlay-opacity":"","overlay-gradient":""}},"footnotes":""},"class_list":["post-1757","page","type-page","status-publish","hentry"],"_links":{"self":[{"href":"https:\/\/www.packsys-industries.com\/index.php\/wp-json\/wp\/v2\/pages\/1757","targetHints":{"allow":["GET"]}}],"collection":[{"href":"https:\/\/www.packsys-industries.com\/index.php\/wp-json\/wp\/v2\/pages"}],"about":[{"href":"https:\/\/www.packsys-industries.com\/index.php\/wp-json\/wp\/v2\/types\/page"}],"author":[{"embeddable":true,"href":"https:\/\/www.packsys-industries.com\/index.php\/wp-json\/wp\/v2\/users\/1"}],"replies":[{"embeddable":true,"href":"https:\/\/www.packsys-industries.com\/index.php\/wp-json\/wp\/v2\/comments?post=1757"}],"version-history":[{"count":10,"href":"https:\/\/www.packsys-industries.com\/index.php\/wp-json\/wp\/v2\/pages\/1757\/revisions"}],"predecessor-version":[{"id":1785,"href":"https:\/\/www.packsys-industries.com\/index.php\/wp-json\/wp\/v2\/pages\/1757\/revisions\/1785"}],"wp:attachment":[{"href":"https:\/\/www.packsys-industries.com\/index.php\/wp-json\/wp\/v2\/media?parent=1757"}],"curies":[{"name":"wp","href":"https:\/\/api.w.org\/{rel}","templated":true}]}}